{"id":1514,"date":"2021-12-08T12:29:27","date_gmt":"2021-12-08T12:29:27","guid":{"rendered":"https:\/\/www.sunpine.se\/?page_id=1514"},"modified":"2025-05-19T13:24:54","modified_gmt":"2025-05-19T11:24:54","slug":"supplier-info","status":"publish","type":"page","link":"https:\/\/www.sunpine.se\/en\/kontakta-oss\/leverantorsinfo\/","title":{"rendered":"Supplier information"},"content":{"rendered":"<p>Here you will find contact information, instructions, application forms and other information you need as a supplier and contractor to Sunpine.<\/p>\n<p><b>Contact details:<\/b><\/p>\n<p><span style=\"font-weight: 400;\">For questions regarding work permits: Permit writer \u2013 076-677 55 95<\/span><\/p>\n<p><span style=\"font-weight: 400;\">For questions on quality, environment issues, and safety: Eva Wuopio \u2013 0911-232827<\/span><\/p>\n<p><span style=\"font-weight: 400;\">For invoice questions: Marie-Louise Nordmark \u2013 0911-232801, or email to <\/span><a href=\"mailto:admin@sunpine.se\"><span style=\"font-weight: 400;\">admin@sunpine.se<\/span><\/a><\/p>\n<p><b>Documents and instructions:<\/b><\/p>\n<p><a href=\"https:\/\/sy762.amsystem.com\/d\/?d=790985fa4fa07c5f69744f57cb38761cf410406d683abeb72085973f1891055305cdd91f74a9bc2468c237bdb8fa07d6\" target=\"_blank\" rel=\"noopener noreferrer nofollow\">Sunpine&#039;s contractor guidelines<\/a><\/p>\n<p><a href=\"https:\/\/sy762.amsystem.com\/ePtue3vcg3w1G5aqJrcN7sAvhLngqTuSKOeJhkIIM64OXv6U2FCKdykv3Wn1u\" target=\"_blank\" rel=\"noopener noreferrer nofollow\">Chemical application for contractors<\/a><\/p>\n<p><a href=\"https:\/\/www.sunpine.se\/en\/contact-us\/ssg-on-site\/\"><span style=\"font-weight: 400;\">SSG On Site<\/span><\/a><\/p>\n<p><a href=\"https:\/\/www.sunpine.se\/en\/document\/\"><span style=\"font-weight: 400;\">Safety data sheets for our products<\/span><\/a><\/p>\n<p><a href=\"https:\/\/www.sunpine.se\/en\/document\/\">Supplier Code of Conduct<\/a><\/p>\n<p>&nbsp;<\/p>","protected":false},"excerpt":{"rendered":"<p>H\u00e4r hittar du kontaktuppgifter, anvisningar, ans\u00f6kningsformul\u00e4r och annat information du beh\u00f6ver som leverant\u00f6r och entrepren\u00f6r till Sunpine. Kontaktuppgifter: F\u00f6r fr\u00e5gor om arbetstillst\u00e5nd: Tillst\u00e5ndsskrivare \u2013 076-677 55 95 F\u00f6r fr\u00e5gor om kvalitet, milj\u00f6 och s\u00e4kerhet: Eva Wuopio \u2013 0911-232827 F\u00f6r fakturafr\u00e5gor: Marie-Louise Nordmark \u2013 0911-232801 eller mejla till admin@sunpine.se Dokument och anvisningar: Sunpines entrepren\u00f6rsanvisningar Kemikalieans\u00f6kan f\u00f6r [&hellip;]<\/p>\n","protected":false},"author":6,"featured_media":987,"parent":128,"menu_order":0,"comment_status":"closed","ping_status":"closed","template":"_page-builder.php","meta":{"_acf_changed":false,"footnotes":""},"class_list":["post-1514","page","type-page","status-publish","has-post-thumbnail","hentry"],"acf":[],"_links":{"self":[{"href":"https:\/\/www.sunpine.se\/en\/wp-json\/wp\/v2\/pages\/1514","targetHints":{"allow":["GET"]}}],"collection":[{"href":"https:\/\/www.sunpine.se\/en\/wp-json\/wp\/v2\/pages"}],"about":[{"href":"https:\/\/www.sunpine.se\/en\/wp-json\/wp\/v2\/types\/page"}],"author":[{"embeddable":true,"href":"https:\/\/www.sunpine.se\/en\/wp-json\/wp\/v2\/users\/6"}],"replies":[{"embeddable":true,"href":"https:\/\/www.sunpine.se\/en\/wp-json\/wp\/v2\/comments?post=1514"}],"version-history":[{"count":0,"href":"https:\/\/www.sunpine.se\/en\/wp-json\/wp\/v2\/pages\/1514\/revisions"}],"up":[{"embeddable":true,"href":"https:\/\/www.sunpine.se\/en\/wp-json\/wp\/v2\/pages\/128"}],"wp:featuredmedia":[{"embeddable":true,"href":"https:\/\/www.sunpine.se\/en\/wp-json\/wp\/v2\/media\/987"}],"wp:attachment":[{"href":"https:\/\/www.sunpine.se\/en\/wp-json\/wp\/v2\/media?parent=1514"}],"curies":[{"name":"wp","href":"https:\/\/api.w.org\/{rel}","templated":true}]}}